{"id":6,"date":"2026-01-26T08:06:41","date_gmt":"2026-01-26T08:06:41","guid":{"rendered":"https:\/\/grossmann.es\/?page_id=6"},"modified":"2026-02-19T12:26:05","modified_gmt":"2026-02-19T12:26:05","slug":"home","status":"publish","type":"page","link":"https:\/\/grossmann.es\/en\/","title":{"rendered":"Home"},"content":{"rendered":"<div data-elementor-type=\"wp-page\" data-elementor-id=\"6\" class=\"elementor elementor-6\" data-elementor-post-type=\"page\">\n\t\t\t\t\t\t<section class=\"elementor-section elementor-top-section elementor-element elementor-element-544d271 elementor-section-full_width elementor-section-height-min-height elementor-section-stretched elementor-section-height-default elementor-section-items-middle\" data-id=\"544d271\" data-element_type=\"section\" data-settings=\"{&quot;stretch_section&quot;:&quot;section-stretched&quot;,&quot;background_background&quot;:&quot;classic&quot;}\">\n\t\t\t\t\t\t\t<div class=\"elementor-background-overlay\"><\/div>\n\t\t\t\t\t\t\t<div class=\"elementor-container elementor-column-gap-default\">\n\t\t\t\t\t<div class=\"elementor-column elementor-col-100 elementor-top-column elementor-element elementor-element-b1262ff\" data-id=\"b1262ff\" data-element_type=\"column\">\n\t\t\t<div class=\"elementor-widget-wrap elementor-element-populated\">\n\t\t\t\t\t\t<div class=\"elementor-element elementor-element-3033f71 elementor-widget elementor-widget-heading\" data-id=\"3033f71\" data-element_type=\"widget\" data-widget_type=\"heading.default\">\n\t\t\t\t\t<h2 class=\"elementor-heading-title elementor-size-default\">Investment Real Estate Advisory<\/h2>\t\t\t\t<\/div>\n\t\t\t\t<div class=\"elementor-element elementor-element-723b970 elementor-widget elementor-widget-heading\" data-id=\"723b970\" data-element_type=\"widget\" data-widget_type=\"heading.default\">\n\t\t\t\t\t<h2 class=\"elementor-heading-title elementor-size-default\">for private and institutional investors.<\/h2>\t\t\t\t<\/div>\n\t\t\t\t\t<\/div>\n\t\t<\/div>\n\t\t\t\t\t<\/div>\n\t\t<\/section>\n\t\t\t\t<section class=\"elementor-section elementor-top-section elementor-element elementor-element-b2bdd63 elementor-section-boxed elementor-section-height-default elementor-section-height-default\" data-id=\"b2bdd63\" data-element_type=\"section\">\n\t\t\t\t\t\t<div class=\"elementor-container elementor-column-gap-default\">\n\t\t\t\t\t<div class=\"elementor-column elementor-col-100 elementor-top-column elementor-element elementor-element-14eb2f8\" data-id=\"14eb2f8\" data-element_type=\"column\">\n\t\t\t<div class=\"elementor-widget-wrap elementor-element-populated\">\n\t\t\t\t\t\t<div class=\"elementor-element elementor-element-8bd2e22 elementor-widget elementor-widget-spacer\" data-id=\"8bd2e22\" data-element_type=\"widget\" data-widget_type=\"spacer.default\">\n\t\t\t\t\t\t\t<div class=\"elementor-spacer\">\n\t\t\t<div class=\"elementor-spacer-inner\"><\/div>\n\t\t<\/div>\n\t\t\t\t\t\t<\/div>\n\t\t\t\t<section class=\"elementor-section elementor-inner-section elementor-element elementor-element-3e8f75d elementor-section-boxed elementor-section-height-default elementor-section-height-default\" data-id=\"3e8f75d\" data-element_type=\"section\">\n\t\t\t\t\t\t<div class=\"elementor-container elementor-column-gap-default\">\n\t\t\t\t\t<div class=\"elementor-column elementor-col-50 elementor-inner-column elementor-element elementor-element-471bac2\" data-id=\"471bac2\" data-element_type=\"column\">\n\t\t\t<div class=\"elementor-widget-wrap elementor-element-populated\">\n\t\t\t\t\t\t<div class=\"elementor-element elementor-element-0812214 elementor-widget elementor-widget-heading\" data-id=\"0812214\" data-element_type=\"widget\" data-widget_type=\"heading.default\">\n\t\t\t\t\t<h2 class=\"elementor-heading-title elementor-size-default\">Investment Real Estate Advisory<\/h2>\t\t\t\t<\/div>\n\t\t\t\t<div class=\"elementor-element elementor-element-b6cb006 elementor-widget elementor-widget-text-editor\" data-id=\"b6cb006\" data-element_type=\"widget\" data-widget_type=\"text-editor.default\">\n\t\t\t\t\t\t\t\t\t<p class=\"translation-block\">Grossmann is an independent consultancy specializing in the marketing, acquisition, and financial analysis of income-producing real estate assets throughout Spain. We work with private investors, family offices, funds, insurance companies, and asset management firms seeking stable income, solid contracts, and assets with controlled risk.<\/p><p class=\"translation-block\">Our proposal is based on three principles:<br><strong>Rigorous. Independence. Confidentiality.<\/strong><\/p>\t\t\t\t\t\t\t\t<\/div>\n\t\t\t\t\t<\/div>\n\t\t<\/div>\n\t\t\t\t<div class=\"elementor-column elementor-col-50 elementor-inner-column elementor-element elementor-element-15fb068\" data-id=\"15fb068\" data-element_type=\"column\">\n\t\t\t<div class=\"elementor-widget-wrap elementor-element-populated\">\n\t\t\t\t\t\t<div class=\"elementor-element elementor-element-7602abd elementor-widget elementor-widget-image\" data-id=\"7602abd\" data-element_type=\"widget\" data-widget_type=\"image.default\">\n\t\t\t\t\t\t\t\t\t\t\t\t\t\t\t<img fetchpriority=\"high\" decoding=\"async\" width=\"800\" height=\"534\" src=\"https:\/\/grossmann.es\/wp-content\/uploads\/2026\/02\/GROSSMANN-2.png\" class=\"attachment-large size-large wp-image-70\" alt=\"\" srcset=\"https:\/\/grossmann.es\/wp-content\/uploads\/2026\/02\/GROSSMANN-2.png 1024w, https:\/\/grossmann.es\/wp-content\/uploads\/2026\/02\/GROSSMANN-2-300x300.png 300w, https:\/\/grossmann.es\/wp-content\/uploads\/2026\/02\/GROSSMANN-2-150x150.png 150w, https:\/\/grossmann.es\/wp-content\/uploads\/2026\/02\/GROSSMANN-2-768x768.png 768w, https:\/\/grossmann.es\/wp-content\/uploads\/2026\/02\/GROSSMANN-2-12x12.png 12w\" sizes=\"(max-width: 800px) 100vw, 800px\" \/>\t\t\t\t\t\t\t\t\t\t\t\t\t\t\t<\/div>\n\t\t\t\t\t<\/div>\n\t\t<\/div>\n\t\t\t\t\t<\/div>\n\t\t<\/section>\n\t\t\t\t<div class=\"elementor-element elementor-element-2d870ca elementor-widget elementor-widget-spacer\" data-id=\"2d870ca\" data-element_type=\"widget\" data-widget_type=\"spacer.default\">\n\t\t\t\t\t\t\t<div class=\"elementor-spacer\">\n\t\t\t<div class=\"elementor-spacer-inner\"><\/div>\n\t\t<\/div>\n\t\t\t\t\t\t<\/div>\n\t\t\t\t\t<\/div>\n\t\t<\/div>\n\t\t\t\t\t<\/div>\n\t\t<\/section>\n\t\t\t\t<\/div>","protected":false},"excerpt":{"rendered":"<p>Investment Real Estate Advisory para inversores patrimonialistas e institucionales. Investment Real Estate Advisory Grossmann es una consultora independiente especializada en la comercializaci\u00f3n, adquisici\u00f3n y an\u00e1lisis financiero de activos inmobiliarios en rentabilidad en toda Espa\u00f1a.Trabajamos con inversores privados, family offices, fondos, aseguradoras y entidades patrimoniales que buscan rentas estables, contratos s\u00f3lidos y activos con riesgo controlado. [&hellip;]<\/p>\n","protected":false},"author":2,"featured_media":0,"parent":0,"menu_order":0,"comment_status":"closed","ping_status":"closed","template":"elementor_header_footer","meta":{"footnotes":""},"class_list":["post-6","page","type-page","status-publish","hentry"],"_links":{"self":[{"href":"https:\/\/grossmann.es\/en\/wp-json\/wp\/v2\/pages\/6","targetHints":{"allow":["GET"]}}],"collection":[{"href":"https:\/\/grossmann.es\/en\/wp-json\/wp\/v2\/pages"}],"about":[{"href":"https:\/\/grossmann.es\/en\/wp-json\/wp\/v2\/types\/page"}],"author":[{"embeddable":true,"href":"https:\/\/grossmann.es\/en\/wp-json\/wp\/v2\/users\/2"}],"replies":[{"embeddable":true,"href":"https:\/\/grossmann.es\/en\/wp-json\/wp\/v2\/comments?post=6"}],"version-history":[{"count":43,"href":"https:\/\/grossmann.es\/en\/wp-json\/wp\/v2\/pages\/6\/revisions"}],"predecessor-version":[{"id":445,"href":"https:\/\/grossmann.es\/en\/wp-json\/wp\/v2\/pages\/6\/revisions\/445"}],"wp:attachment":[{"href":"https:\/\/grossmann.es\/en\/wp-json\/wp\/v2\/media?parent=6"}],"curies":[{"name":"wp","href":"https:\/\/api.w.org\/{rel}","templated":true}]}}