{"id":323,"date":"2026-02-09T12:01:32","date_gmt":"2026-02-09T12:01:32","guid":{"rendered":"https:\/\/grossmann.es\/?page_id=323"},"modified":"2026-02-12T09:55:58","modified_gmt":"2026-02-12T09:55:58","slug":"aviso-legal","status":"publish","type":"page","link":"https:\/\/grossmann.es\/en\/aviso-legal\/","title":{"rendered":"Aviso Legal"},"content":{"rendered":"\t\t<div data-elementor-type=\"wp-page\" data-elementor-id=\"323\" class=\"elementor elementor-323\" data-elementor-post-type=\"page\">\n\t\t\t\t\t\t<section class=\"elementor-section elementor-top-section elementor-element elementor-element-9298e93 elementor-section-full_width elementor-section-height-min-height elementor-section-stretched elementor-section-height-default elementor-section-items-middle\" data-id=\"9298e93\" data-element_type=\"section\" data-settings=\"{&quot;stretch_section&quot;:&quot;section-stretched&quot;,&quot;background_background&quot;:&quot;classic&quot;}\">\n\t\t\t\t\t\t<div class=\"elementor-container elementor-column-gap-default\">\n\t\t\t\t\t<div class=\"elementor-column elementor-col-100 elementor-top-column elementor-element elementor-element-a05a47a\" data-id=\"a05a47a\" data-element_type=\"column\">\n\t\t\t<div class=\"elementor-widget-wrap\">\n\t\t\t\t\t\t\t<\/div>\n\t\t<\/div>\n\t\t\t\t\t<\/div>\n\t\t<\/section>\n\t\t\t\t<section class=\"elementor-section elementor-top-section elementor-element elementor-element-1f482c4 elementor-section-boxed elementor-section-height-default elementor-section-height-default\" data-id=\"1f482c4\" data-element_type=\"section\">\n\t\t\t\t\t\t<div class=\"elementor-container elementor-column-gap-default\">\n\t\t\t\t\t<div class=\"elementor-column elementor-col-100 elementor-top-column elementor-element elementor-element-5d680fb\" data-id=\"5d680fb\" data-element_type=\"column\">\n\t\t\t<div class=\"elementor-widget-wrap elementor-element-populated\">\n\t\t\t\t\t\t<div class=\"elementor-element elementor-element-e266584 elementor-widget elementor-widget-heading\" data-id=\"e266584\" data-element_type=\"widget\" data-widget_type=\"heading.default\">\n\t\t\t\t\t<h2 class=\"elementor-heading-title elementor-size-default\">Aviso legal<\/h2>\t\t\t\t<\/div>\n\t\t\t\t<div class=\"elementor-element elementor-element-25567a4 elementor-widget elementor-widget-text-editor\" data-id=\"25567a4\" data-element_type=\"widget\" data-widget_type=\"text-editor.default\">\n\t\t\t\t\t\t\t\t\t<p data-start=\"4460\" data-end=\"4498\"><strong data-start=\"4460\" data-end=\"4485\">\u00daltima actualizaci\u00f3n:<\/strong> 09\/02\/2026<\/p><h2 data-start=\"4500\" data-end=\"4531\">1. Titularidad del sitio web<\/h2><p data-start=\"4532\" data-end=\"4637\">En cumplimiento de la normativa aplicable, se informa que este sitio web <strong data-start=\"4605\" data-end=\"4618\">grossmann.es<\/strong> es titularidad de:<\/p><ul data-start=\"4638\" data-end=\"4855\"><li data-start=\"4638\" data-end=\"4688\"><p data-start=\"4640\" data-end=\"4688\"><strong data-start=\"4640\" data-end=\"4652\">Titular:<\/strong> GROSSMANN Inversiones SL<\/p><\/li><li data-start=\"4689\" data-end=\"4709\"><p data-start=\"4691\" data-end=\"4709\"><strong data-start=\"4691\" data-end=\"4703\">NIF\/CIF:<\/strong> B63368054<\/p><\/li><li data-start=\"4710\" data-end=\"4747\"><p data-start=\"4712\" data-end=\"4747\"><strong data-start=\"4712\" data-end=\"4726\">Domicilio:<\/strong> Avda. Diagonal 601, pl.8\u00aa. 08028-Barcelona (ESPA\u00d1A)<\/p><\/li><li data-start=\"4748\" data-end=\"4768\"><p data-start=\"4750\" data-end=\"4768\"><strong data-start=\"4750\" data-end=\"4760\">Email:<\/strong> <a href=\"mailto:info@grossmann.es\">info@grossmann.es<\/a><\/p><\/li><li data-start=\"4769\" data-end=\"4795\"><p data-start=\"4771\" data-end=\"4795\"><strong data-start=\"4771\" data-end=\"4784\">Tel\u00e9fono:<\/strong> <a href=\"tel:+34934%20092%20803\">+34 934 092 803<\/a><\/p><\/li><li data-start=\"4796\" data-end=\"4855\"><p data-start=\"4798\" data-end=\"4855\"><strong data-start=\"4798\" data-end=\"4821\">Registro Mercantil:<\/strong> Inscrita en el registro mercantil de Barcelona, tomo 36137, folio 0071, hoja 278411, provincia B, Incripci\u00f3n 1\u00aa<\/p><\/li><\/ul><blockquote data-start=\"4857\" data-end=\"4955\"><p data-start=\"4859\" data-end=\"4955\">Estas obligaciones informativas se enmarcan en la LSSI-CE.<\/p><\/blockquote><h2 data-start=\"4957\" data-end=\"4969\">2. Objeto<\/h2><p data-start=\"4970\" data-end=\"5156\">Este sitio web tiene como finalidad ofrecer informaci\u00f3n corporativa sobre los servicios de consultor\u00eda\/inversi\u00f3n inmobiliaria de Grossmann, as\u00ed como facilitar el contacto con la entidad.<\/p><h2 data-start=\"5158\" data-end=\"5182\">3. Condiciones de uso<\/h2><p data-start=\"5183\" data-end=\"5210\">El usuario se compromete a:<\/p><ul data-start=\"5211\" data-end=\"5439\"><li data-start=\"5211\" data-end=\"5275\"><p data-start=\"5213\" data-end=\"5275\">Hacer un uso adecuado y l\u00edcito del sitio web y sus contenidos.<\/p><\/li><li data-start=\"5276\" data-end=\"5384\"><p data-start=\"5278\" data-end=\"5384\">No realizar acciones que puedan da\u00f1ar, inutilizar o sobrecargar la web o impedir su normal funcionamiento.<\/p><\/li><li data-start=\"5385\" data-end=\"5439\"><p data-start=\"5387\" data-end=\"5439\">No introducir software malicioso o realizar ataques.<\/p><\/li><\/ul><h2 data-start=\"5441\" data-end=\"5481\">4. Propiedad intelectual e industrial<\/h2><p data-start=\"5482\" data-end=\"5770\">Salvo indicaci\u00f3n contraria, los contenidos (textos, im\u00e1genes, marcas, dise\u00f1o, c\u00f3digo, etc.) son titularidad del titular del sitio o de terceros licenciantes. Queda prohibida su reproducci\u00f3n, distribuci\u00f3n o transformaci\u00f3n sin autorizaci\u00f3n expresa, salvo en los casos permitidos por la ley.<\/p><h2 data-start=\"5772\" data-end=\"5796\">5. Enlaces a terceros<\/h2><p data-start=\"5797\" data-end=\"5979\">Este sitio puede incluir enlaces a p\u00e1ginas de terceros. No nos responsabilizamos del contenido, pol\u00edticas o pr\u00e1cticas de dichos sitios. La inclusi\u00f3n de enlaces no implica aprobaci\u00f3n.<\/p><h2 data-start=\"5981\" data-end=\"6002\">6. Responsabilidad<\/h2><p data-start=\"6003\" data-end=\"6147\">No garantizamos la ausencia de errores o interrupciones, aunque adoptamos medidas para evitarlas. No seremos responsables de da\u00f1os derivados de:<\/p><ul data-start=\"6148\" data-end=\"6307\"><li data-start=\"6148\" data-end=\"6206\"><p data-start=\"6150\" data-end=\"6206\">interferencias, virus o desconexiones ajenas al titular,<\/p><\/li><li data-start=\"6207\" data-end=\"6254\"><p data-start=\"6209\" data-end=\"6254\">uso indebido del sitio por parte del usuario,<\/p><\/li><li data-start=\"6255\" data-end=\"6307\"><p data-start=\"6257\" data-end=\"6307\">informaci\u00f3n de terceros enlazada desde este sitio.<\/p><\/li><\/ul><h2 data-start=\"6309\" data-end=\"6334\">7. Protecci\u00f3n de datos<\/h2><p data-start=\"6335\" data-end=\"6455\">El tratamiento de datos personales se rige por la <strong data-start=\"6385\" data-end=\"6411\">Pol\u00edtica de privacidad<\/strong> y la <strong data-start=\"6417\" data-end=\"6440\">Pol\u00edtica de cookies<\/strong> de este sitio.<\/p><h2 data-start=\"6457\" data-end=\"6499\">8. Legislaci\u00f3n aplicable y jurisdicci\u00f3n<\/h2><p data-start=\"6500\" data-end=\"6714\">Este aviso legal se rige por la legislaci\u00f3n espa\u00f1ola. En caso de conflicto, las partes se someter\u00e1n a los juzgados y tribunales de <strong data-start=\"6631\" data-end=\"6653\">[ciudad\/provincia]<\/strong>, salvo que la normativa de consumidores disponga otro fuero.<\/p>\t\t\t\t\t\t\t\t<\/div>\n\t\t\t\t\t<\/div>\n\t\t<\/div>\n\t\t\t\t\t<\/div>\n\t\t<\/section>\n\t\t\t\t<\/div>\n\t\t","protected":false},"excerpt":{"rendered":"<p>Aviso legal \u00daltima actualizaci\u00f3n: 09\/02\/2026 1. Titularidad del sitio web En cumplimiento de la normativa aplicable, se informa que este sitio web grossmann.es es titularidad de: Titular: GROSSMANN Inversiones SL NIF\/CIF: B63368054 Domicilio: Avda. Diagonal 601, pl.8\u00aa. 08028-Barcelona (ESPA\u00d1A) Email: info@grossmann.es Tel\u00e9fono: +34 934 092 803 Registro Mercantil: Inscrita en el registro mercantil de Barcelona, [&hellip;]<\/p>\n","protected":false},"author":2,"featured_media":0,"parent":0,"menu_order":0,"comment_status":"closed","ping_status":"closed","template":"elementor_header_footer","meta":{"footnotes":""},"class_list":["post-323","page","type-page","status-publish","hentry"],"_links":{"self":[{"href":"https:\/\/grossmann.es\/en\/wp-json\/wp\/v2\/pages\/323","targetHints":{"allow":["GET"]}}],"collection":[{"href":"https:\/\/grossmann.es\/en\/wp-json\/wp\/v2\/pages"}],"about":[{"href":"https:\/\/grossmann.es\/en\/wp-json\/wp\/v2\/types\/page"}],"author":[{"embeddable":true,"href":"https:\/\/grossmann.es\/en\/wp-json\/wp\/v2\/users\/2"}],"replies":[{"embeddable":true,"href":"https:\/\/grossmann.es\/en\/wp-json\/wp\/v2\/comments?post=323"}],"version-history":[{"count":7,"href":"https:\/\/grossmann.es\/en\/wp-json\/wp\/v2\/pages\/323\/revisions"}],"predecessor-version":[{"id":363,"href":"https:\/\/grossmann.es\/en\/wp-json\/wp\/v2\/pages\/323\/revisions\/363"}],"wp:attachment":[{"href":"https:\/\/grossmann.es\/en\/wp-json\/wp\/v2\/media?parent=323"}],"curies":[{"name":"wp","href":"https:\/\/api.w.org\/{rel}","templated":true}]}}